{"id":69,"date":"2016-07-29T14:48:10","date_gmt":"2016-07-29T14:48:10","guid":{"rendered":"https:\/\/studiocome.it\/index.php\/metodologia-di-lavoro\/"},"modified":"2024-11-15T17:57:44","modified_gmt":"2024-11-15T17:57:44","slug":"metodologia-di-lavoro","status":"publish","type":"page","link":"https:\/\/studiocome.it\/index.php\/metodologia-di-lavoro\/","title":{"rendered":"Metodologia di lavoro"},"content":{"rendered":"\n<div class=\"wp-block-cover is-light\" style=\"min-height:343px;aspect-ratio:unset;\"><span aria-hidden=\"true\" class=\"wp-block-cover__background has-background-dim\" style=\"background-color:#c3ad9f\"><\/span><img fetchpriority=\"high\" decoding=\"async\" width=\"1200\" height=\"801\" src=\"https:\/\/studiocome.it\/wp-content\/uploads\/2016\/07\/metodologia.jpg\" class=\"wp-block-cover__image-background wp-post-image\" alt=\"metodologia\" data-object-fit=\"cover\" srcset=\"https:\/\/studiocome.it\/wp-content\/uploads\/2016\/07\/metodologia.jpg 1200w, https:\/\/studiocome.it\/wp-content\/uploads\/2016\/07\/metodologia-300x200.jpg 300w, https:\/\/studiocome.it\/wp-content\/uploads\/2016\/07\/metodologia-1024x684.jpg 1024w, https:\/\/studiocome.it\/wp-content\/uploads\/2016\/07\/metodologia-768x513.jpg 768w, https:\/\/studiocome.it\/wp-content\/uploads\/2016\/07\/metodologia-930x620.jpg 930w\" sizes=\"(max-width: 1200px) 100vw, 1200px\" \/><div class=\"wp-block-cover__inner-container is-layout-constrained wp-block-cover-is-layout-constrained\">\n<p class=\"has-text-align-center has-large-font-size\"><\/p>\n<\/div><\/div>\n\n\n\n<hr class=\"wp-block-separator has-text-color has-nv-site-bg-color has-alpha-channel-opacity has-nv-site-bg-background-color has-background is-style-default\"\/>\n\n\n<p><strong>Studio COME = COmpetenza e MEtodo<\/strong><br \/>Il nome del nostro Studio nasce da un gioco di parole: abbiamo preso le prime due lettere di <strong><em>CO<\/em>mpetenza e <em>ME<\/em>todo,<\/strong> ottenendo cos\u00ec un termine molto significativo nei servizi di consulenza. Spesso infatti n<strong>on basta avere buone idee e un traguardo o un obiettivo cui tendere, ma occorre anche sapere <em>come<\/em> raggiungerlo;<\/strong> la qualit\u00e0 del metodo e la cura nella gestione sono fattori determinanti per il successo di qualunque obiettivo. <strong>Questo vale nelle politiche pubbliche, nei singoli servizi, nelle organizzazioni aziendali e anche per il nostro Studio.<\/strong><\/p>\n<h3>Approccio sistemico<\/h3>\n<p>Sul piano del metodo, Studio Come in tutte le consulenze, piccole e grandi, dedica molta attenzione alla lettura della situazione in <strong>chiave sistemica<\/strong>, per facilitare la collaborazione tra soggetti portatori di <strong>interessi distinti<\/strong>, <strong>culture<\/strong>, <strong>visioni e linguaggi specifici<\/strong>. Curiamo in particolare l\u2019intersezione tra:<\/p>\n<ul>\n<li>operatori professionali, aiutanti informali e beneficiari \u00a0dei servizi<\/li>\n<li>enti locali, imprese e associazioni di promozione sociale<\/li>\n<li>donne e uomini nelle organizzazioni<\/li>\n<\/ul>\n<h3>Innovazione di servizi e di prodotti<\/h3>\n<p>Da noi viene accolta con piacere la richiesta di un cliente che ci porta a fare qualcosa di nuovo. Questo ovviamente comporta nell\u2019immediato lavoro in pi\u00f9, ma ci aiuta ad arricchire la gamma dei prodotti e dei servizi che possiamo offrire in seguito. Di contro, la duplicazione di servizi e prodotti riusciti comporta economie di tempo e offre al cliente maggiore sicurezza sul risultato. L\u2019obiettivo del nostro Studio \u00e8 quindi mantenere un <strong>buon equilibrio tra prodotti consolidati e prototipi innovativi.<\/strong><\/p>\n<h3>Apprendimenti dalle politiche pubbliche per le politiche pubbliche<\/h3>\n<p>In questi <strong>20 anni di esperienza<\/strong> nel settore della <strong>consulenza alle Pubbliche Amministrazioni e alle aziende<\/strong> abbiamo capito che per individuare soluzioni innovative \u00e8 necessario partire da cio\u2019 che gi\u00e0 esiste, da ci\u00f2 che \u00e8 stato fatto. Operare per il \u201cnuovo\u201d significa infatti ripartire da quanto gi\u00e0 fatto e riorganizzarlo. Rileggerlo. Si tratta di offrire al cliente uno <strong>schema logico-concettuale per rileggere<\/strong> e valutare gli interventi realizzati o in corso e \u201cinserirli\u201d in un <strong>unico approccio sistemico<\/strong> che preveda anche le future iniziative di governo.<br \/>Quando un intervento pubblico si distende in un arco di tempo lungo e si articola in <strong>tanti sotto-progetti<\/strong> (con un inizio e una fine), ciascuno dei quali presenta punti di forza, difficolt\u00e0, risultati e apprendimenti specifici, \u00e8 difficile mantenere una chiara visione d\u2019insieme. E\u2019 necessario quindi periodicamente riformulare il <strong>disegno strategico<\/strong> alla base delle politiche pubbliche: questo \u00e8 un <strong>esercizio utile non solo per gli attori che hanno partecipato direttamente ad un determinato progetto o intervento,<\/strong> ma pi\u00f9 ancora per coloro che ne sono rimasti fuori e che per\u00f2 a diverso titolo si occupano di una determinata politica (<strong>sociale, sanit\u00e0, lavoro, formazione, pari opportunit\u00e0, immigrazione<\/strong>) e che possono quindi attivare sinergie efficaci.<\/p>","protected":false},"excerpt":{"rendered":"<p>Studio COME = COmpetenza e MEtodoIl nome del nostro Studio nasce da un gioco di parole: abbiamo preso le prime due lettere di COmpetenza e MEtodo, ottenendo cos\u00ec un termine molto significativo nei servizi di consulenza. Spesso infatti non basta avere buone idee e un traguardo o un obiettivo cui tendere, ma occorre anche sapere&hellip;&nbsp;<a href=\"https:\/\/studiocome.it\/index.php\/metodologia-di-lavoro\/\" rel=\"bookmark\">Leggi tutto &raquo;<span class=\"screen-reader-text\">Metodologia di lavoro<\/span><\/a><\/p>\n","protected":false},"author":2,"featured_media":70,"parent":0,"menu_order":0,"comment_status":"closed","ping_status":"closed","template":"","meta":{"_acf_changed":false,"neve_meta_sidebar":"","neve_meta_container":"","neve_meta_enable_content_width":"","neve_meta_content_width":0,"neve_meta_title_alignment":"","neve_meta_author_avatar":"","neve_post_elements_order":"","neve_meta_disable_header":"","neve_meta_disable_footer":"","neve_meta_disable_title":"","_themeisle_gutenberg_block_has_review":false,"_ti_tpc_template_sync":false,"_ti_tpc_template_id":"","footnotes":""},"class_list":["post-69","page","type-page","status-publish","has-post-thumbnail","hentry"],"acf":[],"_links":{"self":[{"href":"https:\/\/studiocome.it\/index.php\/wp-json\/wp\/v2\/pages\/69","targetHints":{"allow":["GET"]}}],"collection":[{"href":"https:\/\/studiocome.it\/index.php\/wp-json\/wp\/v2\/pages"}],"about":[{"href":"https:\/\/studiocome.it\/index.php\/wp-json\/wp\/v2\/types\/page"}],"author":[{"embeddable":true,"href":"https:\/\/studiocome.it\/index.php\/wp-json\/wp\/v2\/users\/2"}],"replies":[{"embeddable":true,"href":"https:\/\/studiocome.it\/index.php\/wp-json\/wp\/v2\/comments?post=69"}],"version-history":[{"count":3,"href":"https:\/\/studiocome.it\/index.php\/wp-json\/wp\/v2\/pages\/69\/revisions"}],"predecessor-version":[{"id":476,"href":"https:\/\/studiocome.it\/index.php\/wp-json\/wp\/v2\/pages\/69\/revisions\/476"}],"wp:featuredmedia":[{"embeddable":true,"href":"https:\/\/studiocome.it\/index.php\/wp-json\/wp\/v2\/media\/70"}],"wp:attachment":[{"href":"https:\/\/studiocome.it\/index.php\/wp-json\/wp\/v2\/media?parent=69"}],"curies":[{"name":"wp","href":"https:\/\/api.w.org\/{rel}","templated":true}]}}